{"id":152,"date":"2022-11-21T13:13:55","date_gmt":"2022-11-21T12:13:55","guid":{"rendered":"https:\/\/moncvgauquelinmathieu.wordpress.com\/?page_id=152"},"modified":"2022-11-21T13:13:55","modified_gmt":"2022-11-21T12:13:55","slug":"labview_matlab","status":"publish","type":"page","link":"https:\/\/mon-cv-gauquelin-mathieu.fr\/index.php\/labview_matlab\/","title":{"rendered":"Autres langages"},"content":{"rendered":"\n<div class=\"wp-block-columns is-not-stacked-on-mobile has-background is-layout-flex wp-container-core-columns-is-layout-5c5cdacd wp-block-columns-is-layout-flex\" style=\"border-width:1px;border-radius:50px;background-color:#d4d4ff;padding-top:var(--wp--preset--spacing--20);padding-right:var(--wp--preset--spacing--20);padding-bottom:var(--wp--preset--spacing--20);padding-left:var(--wp--preset--spacing--20);\">\n<div class=\"wp-block-column is-layout-constrained wp-block-column-is-layout-constrained\">\n<p class=\"has-text-align-center\"><a href=\"#labview\">LabVIEW<\/a><\/p>\n<\/div>\n\n\n\n<div class=\"wp-block-column is-layout-constrained wp-block-column-is-layout-constrained\">\n<p class=\"has-text-align-center\"><a href=\"#matlab\">MATLAB<\/a><\/p>\n<\/div>\n<\/div>\n\n\n\n<h2 class=\"has-text-align-center wp-block-heading\" id=\"labview\">LabVIEW<\/h2>\n\n\n\n<div class=\"wp-block-group alignwide is-style-default is-layout-flow wp-block-group-is-layout-flow\" style=\"padding-top:5px;padding-right:5px;padding-bottom:5px;padding-left:5px;\">\n<h3 class=\"alignfull wp-block-heading\">D\u00e9tection de d\u00e9faut de contact par thermographie infrarouge avec une cam\u00e9ra tr\u00e8s haute fr\u00e9quence<\/h3>\n\n\n\n<div class=\"wp-block-columns alignwide is-layout-flex wp-container-core-columns-is-layout-28f84493 wp-block-columns-is-layout-flex\">\n<div class=\"wp-block-column is-layout-flow wp-block-column-is-layout-flow\" style=\"flex-basis:60%;\">\n<p style=\"font-size:18px;\"><em>LabVIEW, MATLAB<\/em><\/p>\n\n\n\n<ul>\n<li>Programme LabVIEW de pilotage de la cam\u00e9ra et des lampes flash<\/li>\n<li>Utilisation de diff\u00e9rents protocoles de communication (analogique, GigeEthernet via c\u00e2ble coaxial)<\/li>\n<li>Mise en place de solution pour des acquisitions \u00ab&nbsp;lourdes&nbsp;\u00bb dont la sauvegarde en temps r\u00e9el sur disque dur n\u2019est pas possible (pile FIFO et gestion m\u00e9moire RAM)<\/li>\n<li>Support sur la partie du traitement des images pour la d\u00e9tection des d\u00e9fauts<\/li>\n<li>Utilisation d\u2019\u00e9chantillons de r\u00e9f\u00e9rence pour tester et valider les algorithmes de traitement et le logiciel global<\/li>\n<\/ul>\n<\/div>\n\n\n\n<div class=\"wp-block-column is-vertically-aligned-center is-layout-flow wp-block-column-is-layout-flow\" style=\"flex-basis:40%;\">\n<figure class=\"wp-block-image size-full\"><img loading=\"lazy\" decoding=\"async\" width=\"1352\" height=\"775\" src=\"http:\/\/mon-cv-gauquelin-mathieu.fr\/wp-content\/uploads\/2022\/11\/socool.png\" alt=\"\" class=\"wp-image-242\" srcset=\"https:\/\/mon-cv-gauquelin-mathieu.fr\/wp-content\/uploads\/2022\/11\/socool.png 1352w, https:\/\/mon-cv-gauquelin-mathieu.fr\/wp-content\/uploads\/2022\/11\/socool-300x172.png 300w, https:\/\/mon-cv-gauquelin-mathieu.fr\/wp-content\/uploads\/2022\/11\/socool-1024x587.png 1024w, https:\/\/mon-cv-gauquelin-mathieu.fr\/wp-content\/uploads\/2022\/11\/socool-768x440.png 768w\" sizes=\"auto, (max-width: 1352px) 100vw, 1352px\" \/><\/figure>\n<\/div>\n<\/div>\n\n\n\n<h3 class=\"wp-block-heading\">Caract\u00e9risation thermom\u00e9canique de mat\u00e9riaux \u00e0 tr\u00e8s hautes temp\u00e9ratures<\/h3>\n\n\n\n<div class=\"wp-block-columns alignwide is-layout-flex wp-container-core-columns-is-layout-28f84493 wp-block-columns-is-layout-flex\">\n<div class=\"wp-block-column is-layout-flow wp-block-column-is-layout-flow\" style=\"flex-basis:60%;\">\n<p style=\"font-size:18px;\"><em>LabVIEW<\/em><\/p>\n\n\n\n<ul>\n<li>Ajout de cam\u00e9ras infrarouges et de pyrom\u00e8tres sur un banc d\u00e9j\u00e0 existant et pilotage depuis LabVIEW<\/li>\n<li>D\u00e9veloppement du programme permettant de calculer les propri\u00e9t\u00e9s thermophysiques du mat\u00e9riau chauff\u00e9 \u00e9voluant au cours du temps (d\u00e9gradation, vieillissement)<\/li>\n<\/ul>\n<\/div>\n\n\n\n<div class=\"wp-block-column is-vertically-aligned-center is-layout-flow wp-block-column-is-layout-flow\" style=\"flex-basis:40%;\">\n<figure class=\"wp-block-image size-full\"><img loading=\"lazy\" decoding=\"async\" width=\"1714\" height=\"1100\" src=\"http:\/\/mon-cv-gauquelin-mathieu.fr\/wp-content\/uploads\/2022\/11\/flammes.png\" alt=\"\" class=\"wp-image-244\" srcset=\"https:\/\/mon-cv-gauquelin-mathieu.fr\/wp-content\/uploads\/2022\/11\/flammes.png 1714w, https:\/\/mon-cv-gauquelin-mathieu.fr\/wp-content\/uploads\/2022\/11\/flammes-300x193.png 300w, https:\/\/mon-cv-gauquelin-mathieu.fr\/wp-content\/uploads\/2022\/11\/flammes-1024x657.png 1024w, https:\/\/mon-cv-gauquelin-mathieu.fr\/wp-content\/uploads\/2022\/11\/flammes-768x493.png 768w, https:\/\/mon-cv-gauquelin-mathieu.fr\/wp-content\/uploads\/2022\/11\/flammes-1536x986.png 1536w\" sizes=\"auto, (max-width: 1714px) 100vw, 1714px\" \/><\/figure>\n<\/div>\n<\/div>\n\n\n\n<h3 class=\"wp-block-heading\">Recherche de d\u00e9faut par mesure laser et scan de l\u2019\u00e9chantillon<\/h3>\n\n\n\n<div class=\"wp-block-columns alignwide is-layout-flex wp-container-core-columns-is-layout-28f84493 wp-block-columns-is-layout-flex\">\n<div class=\"wp-block-column is-layout-flow wp-block-column-is-layout-flow\" style=\"flex-basis:60%;\">\n<p style=\"font-size:18px;\"><em>LabVIEW, MATLAB<\/em><\/p>\n\n\n\n<ul>\n<li>Logiciel de pilotage des \u00e9l\u00e9ments actifs du banc (laser, cam\u00e9ra, piezo) en LabVIEW<\/li>\n<li>Synchronisation des \u00e9l\u00e9ments actifs suivant un mode d\u00e9fini via l\u2019IHM (quadrillage, ligne, etc)<\/li>\n<li>Support pour la partie du traitement des donn\u00e9es qui est r\u00e9alis\u00e9 en MATLAB<\/li>\n<li>Mise en place du syst\u00e8me d\u2019\u00e9change entre les deux programmes<\/li>\n<li>Affichage des r\u00e9sultats finaux provenant de l\u2019ex\u00e9cutable Matlab<\/li>\n<\/ul>\n<\/div>\n\n\n\n<div class=\"wp-block-column is-vertically-aligned-center is-layout-flow wp-block-column-is-layout-flow\" style=\"flex-basis:40%;\">\n<figure class=\"wp-block-image size-full\"><img loading=\"lazy\" decoding=\"async\" width=\"1447\" height=\"1185\" src=\"http:\/\/mon-cv-gauquelin-mathieu.fr\/wp-content\/uploads\/2022\/11\/flying_spot.png\" alt=\"\" class=\"wp-image-246\" srcset=\"https:\/\/mon-cv-gauquelin-mathieu.fr\/wp-content\/uploads\/2022\/11\/flying_spot.png 1447w, https:\/\/mon-cv-gauquelin-mathieu.fr\/wp-content\/uploads\/2022\/11\/flying_spot-300x246.png 300w, https:\/\/mon-cv-gauquelin-mathieu.fr\/wp-content\/uploads\/2022\/11\/flying_spot-1024x839.png 1024w, https:\/\/mon-cv-gauquelin-mathieu.fr\/wp-content\/uploads\/2022\/11\/flying_spot-768x629.png 768w\" sizes=\"auto, (max-width: 1447px) 100vw, 1447px\" \/><\/figure>\n<\/div>\n<\/div>\n\n\n\n<h3 class=\"wp-block-heading\">Recherche de d\u00e9faut par mesure T\u00e9raHerthz et scan de l\u2019\u00e9chantillon<\/h3>\n\n\n\n<div class=\"wp-block-columns alignwide is-layout-flex wp-container-core-columns-is-layout-28f84493 wp-block-columns-is-layout-flex\">\n<div class=\"wp-block-column is-layout-flow wp-block-column-is-layout-flow\" style=\"flex-basis:60%;\">\n<p style=\"font-size:18px;\"><em>LabVIEW<\/em><\/p>\n\n\n\n<ul>\n<li>Programme LabVIEW permettant de contr\u00f4ler l\u2019ouverture du diaphragme ainsi que l\u2019acquisition de la cam\u00e9ra thermique (un filtre permet de voir dans le domaine infrarouge ce qu\u2019il se passe dans le T\u00e9raHerthz)<\/li>\n<li>Synchronisation des \u00e9l\u00e9ments actifs<\/li>\n<li>Traitement des donn\u00e9es acquises<\/li>\n<\/ul>\n<\/div>\n\n\n\n<div class=\"wp-block-column is-vertically-aligned-center is-layout-flow wp-block-column-is-layout-flow\" style=\"flex-basis:40%;\">\n<figure class=\"wp-block-image size-full\"><img loading=\"lazy\" decoding=\"async\" width=\"1302\" height=\"1397\" src=\"http:\/\/mon-cv-gauquelin-mathieu.fr\/wp-content\/uploads\/2022\/11\/atos.png\" alt=\"\" class=\"wp-image-247\" srcset=\"https:\/\/mon-cv-gauquelin-mathieu.fr\/wp-content\/uploads\/2022\/11\/atos.png 1302w, https:\/\/mon-cv-gauquelin-mathieu.fr\/wp-content\/uploads\/2022\/11\/atos-280x300.png 280w, https:\/\/mon-cv-gauquelin-mathieu.fr\/wp-content\/uploads\/2022\/11\/atos-954x1024.png 954w, https:\/\/mon-cv-gauquelin-mathieu.fr\/wp-content\/uploads\/2022\/11\/atos-768x824.png 768w\" sizes=\"auto, (max-width: 1302px) 100vw, 1302px\" \/><\/figure>\n<\/div>\n<\/div>\n\n\n\n<h3 class=\"wp-block-heading\">D\u00e9tection de d\u00e9faut par thermographie infrarouge avec un syst\u00e8me mobile<\/h3>\n\n\n\n<div class=\"wp-block-columns alignwide is-layout-flex wp-container-core-columns-is-layout-28f84493 wp-block-columns-is-layout-flex\">\n<div class=\"wp-block-column is-layout-flow wp-block-column-is-layout-flow\" style=\"flex-basis:60%;\">\n<p style=\"font-size:18px;\"><em>LabVIEW, Python, PyQt, Matplotlib, C<\/em><\/p>\n\n\n\n<ul>\n<li>Programme Arduino contr\u00f4lant 4 lampes halog\u00e8nes et l\u2019acquisition de la cam\u00e9ra thermique<\/li>\n<li>Programmation de l\u2019IHM en PyQt pour visualiser les images acquises par la cam\u00e9ra, configurer l\u2019acquisition, puis ex\u00e9cuter les traitements et visualiser les r\u00e9sultats<\/li>\n<li>Support sur la partie du traitement des images<\/li>\n<li>Tests et validation avec des \u00e9chantillons de r\u00e9f\u00e9rence<\/li>\n<\/ul>\n<\/div>\n\n\n\n<div class=\"wp-block-column is-layout-flow wp-block-column-is-layout-flow\" style=\"flex-basis:40%;\">\n<figure class=\"wp-block-image size-large\"><img loading=\"lazy\" decoding=\"async\" width=\"1581\" height=\"1335\" src=\"http:\/\/mon-cv-gauquelin-mathieu.fr\/wp-content\/uploads\/2022\/11\/excelcar-1.png?w=1024\" alt=\"\" class=\"wp-image-248\" srcset=\"https:\/\/mon-cv-gauquelin-mathieu.fr\/wp-content\/uploads\/2022\/11\/excelcar-1.png 1581w, https:\/\/mon-cv-gauquelin-mathieu.fr\/wp-content\/uploads\/2022\/11\/excelcar-1-300x253.png 300w, https:\/\/mon-cv-gauquelin-mathieu.fr\/wp-content\/uploads\/2022\/11\/excelcar-1-1024x865.png 1024w, https:\/\/mon-cv-gauquelin-mathieu.fr\/wp-content\/uploads\/2022\/11\/excelcar-1-768x649.png 768w, https:\/\/mon-cv-gauquelin-mathieu.fr\/wp-content\/uploads\/2022\/11\/excelcar-1-1536x1297.png 1536w\" sizes=\"auto, (max-width: 1581px) 100vw, 1581px\" \/><\/figure>\n<\/div>\n<\/div>\n\n\n\n<h3 class=\"wp-block-heading\">Calcul de perte thermique d\u2019une carte \u00e9lectronique en fonctionnement via un calorim\u00e8tre \u00e0 air<\/h3>\n\n\n\n<div class=\"wp-block-columns alignwide is-layout-flex wp-container-core-columns-is-layout-28f84493 wp-block-columns-is-layout-flex\">\n<div class=\"wp-block-column is-layout-flow wp-block-column-is-layout-flow\" style=\"flex-basis:60%;\">\n<p style=\"font-size:18px;\"><em>LabVIEW<\/em>, <em>Python, PyQt<\/em><\/p>\n\n\n\n<ul>\n<li>Programme LabVIEW de pilotage des \u00e9l\u00e9ments actifs (thermocouples, d\u00e9bitm\u00e8tres, r\u00e9sistances chauffantes, etc)<\/li>\n<li>Programmation de l\u2019interface en PyQt \u00e9changeant avec le programme LabVIEW pour afficher en temps r\u00e9el la valeur de tous les capteurs du banc en fonction de sa position<\/li>\n<li>Tests et validations avec diff\u00e9rentes puissances au niveau de la carte \u00e9lectronique<\/li>\n<li>Programmation de l\u2019IHM en PyQt pour visualiser les images acquises par la cam\u00e9ra, configurer l\u2019acquisition, puis ex\u00e9cuter les traitements et visualiser les r\u00e9sultats<\/li>\n<li>Support sur la partie du traitement des images<\/li>\n<li>Tests et validation avec des \u00e9chantillons de r\u00e9f\u00e9rence<\/li>\n<\/ul>\n<\/div>\n\n\n\n<div class=\"wp-block-column is-vertically-aligned-center is-layout-flow wp-block-column-is-layout-flow\" style=\"flex-basis:40%;\"><\/div>\n<\/div>\n\n\n\n<h2 class=\"has-text-align-center wp-block-heading\" id=\"matlab\">Matlab<\/h2>\n<\/div>\n\n\n\n<div class=\"wp-block-columns is-not-stacked-on-mobile has-background is-layout-flex wp-container-core-columns-is-layout-5c5cdacd wp-block-columns-is-layout-flex\" style=\"border-width:1px;border-radius:50px;background-color:#d4d4ff;padding-top:var(--wp--preset--spacing--20);padding-right:var(--wp--preset--spacing--20);padding-bottom:var(--wp--preset--spacing--20);padding-left:var(--wp--preset--spacing--20);\">\n<div class=\"wp-block-column is-layout-constrained wp-block-column-is-layout-constrained\">\n<p class=\"has-text-align-center\"><a href=\"#labview\">LabVIEW<\/a><\/p>\n<\/div>\n\n\n\n<div class=\"wp-block-column is-layout-constrained wp-block-column-is-layout-constrained\">\n<p class=\"has-text-align-center\"><a href=\"#matlab\">MATLAB<\/a><\/p>\n<\/div>\n<\/div>\n\n\n\n<h2 class=\"has-text-align-center wp-block-heading\" id=\"matlab\">Matlab<\/h2>\n\n\n\n<div class=\"wp-block-group alignwide is-style-default is-layout-flow wp-block-group-is-layout-flow\" style=\"padding-top:5px;padding-right:5px;padding-bottom:5px;padding-left:5px;\">\n<h3 class=\"alignfull wp-block-heading\">D\u00e9tection de d\u00e9faut de contact par thermographie infrarouge avec une cam\u00e9ra tr\u00e8s haute fr\u00e9quence<\/h3>\n\n\n\n<div class=\"wp-block-columns alignwide is-layout-flex wp-container-core-columns-is-layout-28f84493 wp-block-columns-is-layout-flex\">\n<div class=\"wp-block-column is-layout-flow wp-block-column-is-layout-flow\" style=\"flex-basis:60%;\">\n<p style=\"font-size:18px;\"><em><em>MATLAB, LabVIEW<\/em><\/em><\/p>\n\n\n\n<ul>\n<li>Programme LabVIEW de pilotage de la cam\u00e9ra et des lampes flash<\/li>\n<li>Utilisation de diff\u00e9rents protocoles de communication (analogique, GigeEthernet via c\u00e2ble coaxial)<\/li>\n<li>Mise en place de solution pour des acquisitions \u00ab&nbsp;lourdes&nbsp;\u00bb dont la sauvegarde en temps r\u00e9el sur disque dur n\u2019est pas possible (pile FIFO et gestion m\u00e9moire RAM)<\/li>\n<li>Support sur la partie du traitement des images pour la d\u00e9tection des d\u00e9fauts<\/li>\n<li>Utilisation d\u2019\u00e9chantillons de r\u00e9f\u00e9rence pour tester et valider les algorithmes de traitement et le logiciel global<\/li>\n<\/ul>\n<\/div>\n\n\n\n<div class=\"wp-block-column is-vertically-aligned-center is-layout-flow wp-block-column-is-layout-flow\" style=\"flex-basis:40%;\">\n<figure class=\"wp-block-image size-full\"><img loading=\"lazy\" decoding=\"async\" width=\"1352\" height=\"775\" src=\"http:\/\/mon-cv-gauquelin-mathieu.fr\/wp-content\/uploads\/2022\/11\/socool.png\" alt=\"\" class=\"wp-image-242\" srcset=\"https:\/\/mon-cv-gauquelin-mathieu.fr\/wp-content\/uploads\/2022\/11\/socool.png 1352w, https:\/\/mon-cv-gauquelin-mathieu.fr\/wp-content\/uploads\/2022\/11\/socool-300x172.png 300w, https:\/\/mon-cv-gauquelin-mathieu.fr\/wp-content\/uploads\/2022\/11\/socool-1024x587.png 1024w, https:\/\/mon-cv-gauquelin-mathieu.fr\/wp-content\/uploads\/2022\/11\/socool-768x440.png 768w\" sizes=\"auto, (max-width: 1352px) 100vw, 1352px\" \/><\/figure>\n<\/div>\n<\/div>\n\n\n\n<h3 class=\"wp-block-heading\">Recherche de d\u00e9faut par mesure laser et scan de l\u2019\u00e9chantillon<\/h3>\n\n\n\n<div class=\"wp-block-columns alignwide is-layout-flex wp-container-core-columns-is-layout-28f84493 wp-block-columns-is-layout-flex\">\n<div class=\"wp-block-column is-layout-flow wp-block-column-is-layout-flow\" style=\"flex-basis:60%;\">\n<p style=\"font-size:18px;\"><em>MATLAB, LabVIEW<\/em><\/p>\n\n\n\n<ul>\n<li>Logiciel de pilotage des \u00e9l\u00e9ments actifs du banc (laser, cam\u00e9ra, piezo) en LabVIEW<\/li>\n<li>Synchronisation des \u00e9l\u00e9ments actifs suivant un mode d\u00e9fini via l\u2019IHM (quadrillage, ligne, etc)<\/li>\n<li>Support pour la partie du traitement des donn\u00e9es qui est r\u00e9alis\u00e9 en MATLAB<\/li>\n<li>Mise en place du syst\u00e8me d\u2019\u00e9change entre les deux programmes<\/li>\n<li>Affichage des r\u00e9sultats finaux provenant de l\u2019ex\u00e9cutable Matlab<\/li>\n<\/ul>\n<\/div>\n\n\n\n<div class=\"wp-block-column is-vertically-aligned-center is-layout-flow wp-block-column-is-layout-flow\" style=\"flex-basis:40%;\">\n<figure class=\"wp-block-image size-full\"><img loading=\"lazy\" decoding=\"async\" width=\"1447\" height=\"1185\" src=\"http:\/\/mon-cv-gauquelin-mathieu.fr\/wp-content\/uploads\/2022\/11\/flying_spot.png\" alt=\"\" class=\"wp-image-246\" srcset=\"https:\/\/mon-cv-gauquelin-mathieu.fr\/wp-content\/uploads\/2022\/11\/flying_spot.png 1447w, https:\/\/mon-cv-gauquelin-mathieu.fr\/wp-content\/uploads\/2022\/11\/flying_spot-300x246.png 300w, https:\/\/mon-cv-gauquelin-mathieu.fr\/wp-content\/uploads\/2022\/11\/flying_spot-1024x839.png 1024w, https:\/\/mon-cv-gauquelin-mathieu.fr\/wp-content\/uploads\/2022\/11\/flying_spot-768x629.png 768w\" sizes=\"auto, (max-width: 1447px) 100vw, 1447px\" \/><\/figure>\n<\/div>\n<\/div>\n\n\n\n<h3 class=\"wp-block-heading\">Syst\u00e8me de calcul de flux de chaleur et de calcul de propri\u00e9t\u00e9s thermophysiques du b\u00eaton<\/h3>\n\n\n\n<div class=\"wp-block-columns alignwide is-layout-flex wp-container-core-columns-is-layout-28f84493 wp-block-columns-is-layout-flex\">\n<div class=\"wp-block-column is-layout-flow wp-block-column-is-layout-flow\" style=\"flex-basis:60%;\">\n<p style=\"font-size:18px;\"><em>MATLAB, C++, Linux<\/em><\/p>\n\n\n\n<ul>\n<li>Support sur la partie de conversion du code Matlab en C++ pour calculer les propri\u00e9t\u00e9s thermophysiques et du flux de chaleur en temps r\u00e9el<\/li>\n<li>Mise \u00e0 jour des param\u00e8tres du b\u00eaton en temps r\u00e9el au cours du temps et ajuster le calcul du flux<\/li>\n<li>Compilation sous Windows et Linux pour l\u2019appeler depuis un programme Python ex\u00e9cut\u00e9 sur un Raspberry Pi<\/li>\n<\/ul>\n<\/div>\n\n\n\n<div class=\"wp-block-column is-vertically-aligned-center is-layout-flow wp-block-column-is-layout-flow\" style=\"flex-basis:40%;\">\n<figure class=\"wp-block-image size-full\"><img loading=\"lazy\" decoding=\"async\" width=\"1479\" height=\"966\" src=\"http:\/\/mon-cv-gauquelin-mathieu.fr\/wp-content\/uploads\/2022\/11\/flucmi3-1.png\" alt=\"\" class=\"wp-image-251\" srcset=\"https:\/\/mon-cv-gauquelin-mathieu.fr\/wp-content\/uploads\/2022\/11\/flucmi3-1.png 1479w, https:\/\/mon-cv-gauquelin-mathieu.fr\/wp-content\/uploads\/2022\/11\/flucmi3-1-300x196.png 300w, https:\/\/mon-cv-gauquelin-mathieu.fr\/wp-content\/uploads\/2022\/11\/flucmi3-1-1024x669.png 1024w, https:\/\/mon-cv-gauquelin-mathieu.fr\/wp-content\/uploads\/2022\/11\/flucmi3-1-768x502.png 768w\" sizes=\"auto, (max-width: 1479px) 100vw, 1479px\" \/><\/figure>\n<\/div>\n<\/div>\n\n\n\n<h3 class=\"wp-block-heading\">D\u00e9veloppement d\u2019un logiciel de traitement de signaux ultrasonores<\/h3>\n\n\n\n<div class=\"wp-block-columns alignwide is-layout-flex wp-container-core-columns-is-layout-28f84493 wp-block-columns-is-layout-flex\">\n<div class=\"wp-block-column is-layout-flow wp-block-column-is-layout-flow\" style=\"flex-basis:60%;\">\n<p style=\"font-size:18px;\"><em><em>MATLAB, C++<\/em><\/em><\/p>\n\n\n\n<ul>\n<li>D\u00e9veloppement de l\u2019interface (IHM) permettant de charger des donn\u00e9es \u00e0 traiter de l\u2019onde ultrasonore \u00e9mise qui s&#8217;est r\u00e9fl\u00e9chie dans le tendon d&#8217;Achille<\/li>\n<li>Mise en place de la sauvegarde des r\u00e9sultats (fichier .csv et .dat)<\/li>\n<li>Gestion de fichier de configuration (chargement, cr\u00e9ation, sauvegarde, au format .mat)<\/li>\n<li>Tests et validation en utilisant des donn\u00e9es tr\u00e8s vari\u00e9es<\/li>\n<\/ul>\n<\/div>\n\n\n\n<div class=\"wp-block-column is-layout-flow wp-block-column-is-layout-flow\" style=\"flex-basis:40%;\"><\/div>\n<\/div>\n\n\n\n<h3 class=\"wp-block-heading\">Conversion d\u2019un programme MATLAB en C++ pour l\u2019int\u00e9grer dans le logiciel d\u00e9j\u00e0 existant<\/h3>\n\n\n\n<div class=\"wp-block-columns alignwide is-layout-flex wp-container-core-columns-is-layout-28f84493 wp-block-columns-is-layout-flex\">\n<div class=\"wp-block-column is-layout-flow wp-block-column-is-layout-flow\" style=\"flex-basis:75%;\">\n<p style=\"font-size:18px;\"><em>MATLAB, C++<\/em><\/p>\n\n\n\n<ul>\n<li>Compr\u00e9hension du code MATLAB<\/li>\n<li>Conversion en C++ sous Visual Studio<\/li>\n<li>Tests et validation avec d\u2019anciennes et de nouvelles donn\u00e9es pour v\u00e9rifier la robustesse du programme<\/li>\n<\/ul>\n<\/div>\n\n\n\n<div class=\"wp-block-column is-vertically-aligned-center is-layout-flow wp-block-column-is-layout-flow\" style=\"flex-basis:66.66%;\"><\/div>\n<\/div>\n\n\n\n<h3 class=\"wp-block-heading\">D\u00e9veloppement d\u2019un logiciel de contr\u00f4le d\u2019appareils \u00e9lectroniques (oscilloscope, g\u00e9n\u00e9rateurs de signaux) afin de les piloter \u00e0 distance depuis un ordinateur<\/h3>\n\n\n\n<div class=\"wp-block-columns alignwide is-layout-flex wp-container-core-columns-is-layout-28f84493 wp-block-columns-is-layout-flex\">\n<div class=\"wp-block-column is-layout-flow wp-block-column-is-layout-flow\" style=\"flex-basis:75%;\">\n<p style=\"font-size:18px;\"><em>MATLAB<\/em><\/p>\n\n\n\n<ul>\n<li>Cr\u00e9ation d\u2019un r\u00e9seau local par Ethernet pour effectuer la communication avec l\u2019ordinateur<\/li>\n<li>D\u00e9veloppement du logiciel permettant entre autres de voir en quasi-temps r\u00e9el les signaux de l\u2019oscilloscope ainsi que de configurer les appareils<\/li>\n<li>Gestion de fichier de configuration (chargement, cr\u00e9ation, sauvegarde, au format .mat)<\/li>\n<li>Tests et validation avec diff\u00e9rentes configurations<\/li>\n<\/ul>\n<\/div>\n\n\n\n<div class=\"wp-block-column is-vertically-aligned-center is-layout-flow wp-block-column-is-layout-flow\" style=\"flex-basis:66.66%;\"><\/div>\n<\/div>\n<\/div>\n","protected":false},"excerpt":{"rendered":"<p>LabVIEW MATLAB LabVIEW D\u00e9tection de d\u00e9faut de contact par thermographie infrarouge avec une cam\u00e9ra tr\u00e8s haute fr\u00e9quence LabVIEW, MATLAB Programme LabVIEW de pilotage de la cam\u00e9ra et des lampes flash Utilisation de diff\u00e9rents protocoles de communication (analogique, GigeEthernet via c\u00e2ble coaxial) Mise en place de solution pour des acquisitions \u00ab&nbsp;lourdes&nbsp;\u00bb dont la sauvegarde en temps &hellip;<\/p>\n<p class=\"read-more\"> <a class=\"\" href=\"https:\/\/mon-cv-gauquelin-mathieu.fr\/index.php\/labview_matlab\/\"> <span class=\"screen-reader-text\">Autres langages<\/span> Read More &raquo;<\/a><\/p>\n","protected":false},"author":1,"featured_media":0,"parent":0,"menu_order":0,"comment_status":"closed","ping_status":"closed","template":"","meta":{"site-sidebar-layout":"default","site-content-layout":"default","ast-global-header-display":"","ast-banner-title-visibility":"","ast-main-header-display":"","ast-hfb-above-header-display":"","ast-hfb-below-header-display":"","ast-hfb-mobile-header-display":"","site-post-title":"","ast-breadcrumbs-content":"","ast-featured-img":"","footer-sml-layout":"","theme-transparent-header-meta":"","adv-header-id-meta":"","stick-header-meta":"","header-above-stick-meta":"","header-main-stick-meta":"","header-below-stick-meta":"","footnotes":""},"class_list":["post-152","page","type-page","status-publish","hentry"],"_links":{"self":[{"href":"https:\/\/mon-cv-gauquelin-mathieu.fr\/index.php\/wp-json\/wp\/v2\/pages\/152","targetHints":{"allow":["GET"]}}],"collection":[{"href":"https:\/\/mon-cv-gauquelin-mathieu.fr\/index.php\/wp-json\/wp\/v2\/pages"}],"about":[{"href":"https:\/\/mon-cv-gauquelin-mathieu.fr\/index.php\/wp-json\/wp\/v2\/types\/page"}],"author":[{"embeddable":true,"href":"https:\/\/mon-cv-gauquelin-mathieu.fr\/index.php\/wp-json\/wp\/v2\/users\/1"}],"replies":[{"embeddable":true,"href":"https:\/\/mon-cv-gauquelin-mathieu.fr\/index.php\/wp-json\/wp\/v2\/comments?post=152"}],"version-history":[{"count":0,"href":"https:\/\/mon-cv-gauquelin-mathieu.fr\/index.php\/wp-json\/wp\/v2\/pages\/152\/revisions"}],"wp:attachment":[{"href":"https:\/\/mon-cv-gauquelin-mathieu.fr\/index.php\/wp-json\/wp\/v2\/media?parent=152"}],"curies":[{"name":"wp","href":"https:\/\/api.w.org\/{rel}","templated":true}]}}